{"id":211,"date":"2022-10-19T13:39:36","date_gmt":"2022-10-19T11:39:36","guid":{"rendered":"https:\/\/catedrakrystaline.umh.es\/?page_id=211"},"modified":"2023-02-17T14:59:35","modified_gmt":"2023-02-17T13:59:35","slug":"ayudas","status":"publish","type":"page","link":"https:\/\/catedrakrystaline.umh.es\/ca\/ayudas\/","title":{"rendered":"Ajudes"},"content":{"rendered":"<p><\/p>\n<ul>\n<li><a href=\"https:\/\/catedrakrystaline.umh.es\/files\/2022\/10\/Resolucion-Rectoral-02783_2022.pdf\" target=\"_blank\" rel=\"noopener\">RESOLUCI\u00d3 RECTORAL 02783\/2022 PER LA QUAL ES CONVOQUEN LES AJUDES A LA PROMOCI\u00d3 DE LA INNOVACI\u00d3 EN CONSTRUCCI\u00d3 2022 DE LA C\u00c0TEDRA KRYSTALINE-UMH D\u2019ECONOMIA I EFICI\u00c8NCIA EN CONSTRUCCI\u00d3 (PDF)<\/a><\/li>\n<\/ul>\n<p><strong><span style=\"color: #ff0000\">El termini de presentaci\u00f3 de sol\u00b7licituds obrir\u00e0 l\u2019endem\u00e0 de la data de publicaci\u00f3 de l\u2019extracte d\u2019aquesta convocat\u00f2ria en el Diari Oficial de la Generalitat Valenciana (DOGV) i ser\u00e0 de 10 dies h\u00e0bils des d\u2019aquesta publicaci\u00f3.<\/span><\/strong><\/p>","protected":false},"excerpt":{"rendered":"<p>RESOLUCI\u00d3 RECTORAL 02783\/2022 PER LA QUAL ES CONVOQUEN LES AJUDES A LA PROMOCI\u00d3 DE LA INNOVACI\u00d3 EN CONSTRUCCI\u00d3 2022 DE LA C\u00c0TEDRA KRYSTALINE-UMH D\u2019ECONOMIA I EFICI\u00c8NCIA EN CONSTRUCCI\u00d3 (PDF)<\/p>\n<p>El termini de presentaci\u00f3 de sol\u00b7licituds obrir\u00e0 l\u2019endem\u00e0 de la data de publicaci\u00f3 de l\u2019extracte d\u2019aquesta convocat\u00f2ria en el Diari Oficial de la Generalitat Valenciana (DOGV) i [&#8230;]<\/p>\n","protected":false},"author":126,"featured_media":0,"parent":0,"menu_order":0,"comment_status":"closed","ping_status":"closed","template":"","meta":{"_links_to":"","_links_to_target":""},"_links":{"self":[{"href":"https:\/\/catedrakrystaline.umh.es\/ca\/wp-json\/wp\/v2\/pages\/211"}],"collection":[{"href":"https:\/\/catedrakrystaline.umh.es\/ca\/wp-json\/wp\/v2\/pages"}],"about":[{"href":"https:\/\/catedrakrystaline.umh.es\/ca\/wp-json\/wp\/v2\/types\/page"}],"author":[{"embeddable":true,"href":"https:\/\/catedrakrystaline.umh.es\/ca\/wp-json\/wp\/v2\/users\/126"}],"replies":[{"embeddable":true,"href":"https:\/\/catedrakrystaline.umh.es\/ca\/wp-json\/wp\/v2\/comments?post=211"}],"version-history":[{"count":0,"href":"https:\/\/catedrakrystaline.umh.es\/ca\/wp-json\/wp\/v2\/pages\/211\/revisions"}],"wp:attachment":[{"href":"https:\/\/catedrakrystaline.umh.es\/ca\/wp-json\/wp\/v2\/media?parent=211"}],"curies":[{"name":"wp","href":"https:\/\/api.w.org\/{rel}","templated":true}]}}