{"id":190,"date":"2022-08-16T09:37:51","date_gmt":"2022-08-16T07:37:51","guid":{"rendered":"https:\/\/catedrakrystaline.umh.es\/?page_id=190"},"modified":"2022-09-29T13:41:37","modified_gmt":"2022-09-29T11:41:37","slug":"entrevista-al-dr-d-salvador-ivorra-chorro-catedratico-dpto-ingenieria-civil-ua","status":"publish","type":"page","link":"https:\/\/catedrakrystaline.umh.es\/ca\/revista-de-eficiencia\/entrevista-al-dr-d-salvador-ivorra-chorro-catedratico-dpto-ingenieria-civil-ua\/","title":{"rendered":"<span lang=\"es\">(Espa\u00f1ol) Entrevista al Dr. D. Salvador Ivorra Chorro (Catedr\u00e1tico Dpto. Ingenier\u00eda Civil -UA)<\/span>"},"content":{"rendered":"<p class=\"qtranxs-available-languages-message qtranxs-available-languages-message-ca\">Ho sentim, aquesta entrada es troba disponible \u00fanicament en <a href=\"https:\/\/catedrakrystaline.umh.es\/es\/wp-json\/wp\/v2\/pages\/190\" class=\"qtranxs-available-language-link qtranxs-available-language-link-es\" title=\"Espa\u00f1ol\">Espanyol Europeu<\/a>.<\/p>","protected":false},"excerpt":{"rendered":"<p>Ho sentim, aquesta entrada es troba disponible \u00fanicament en Espanyol Europeu.<\/p>\n","protected":false},"author":1,"featured_media":0,"parent":156,"menu_order":2,"comment_status":"closed","ping_status":"closed","template":"","meta":{"_links_to":"","_links_to_target":""},"_links":{"self":[{"href":"https:\/\/catedrakrystaline.umh.es\/ca\/wp-json\/wp\/v2\/pages\/190"}],"collection":[{"href":"https:\/\/catedrakrystaline.umh.es\/ca\/wp-json\/wp\/v2\/pages"}],"about":[{"href":"https:\/\/catedrakrystaline.umh.es\/ca\/wp-json\/wp\/v2\/types\/page"}],"author":[{"embeddable":true,"href":"https:\/\/catedrakrystaline.umh.es\/ca\/wp-json\/wp\/v2\/users\/1"}],"replies":[{"embeddable":true,"href":"https:\/\/catedrakrystaline.umh.es\/ca\/wp-json\/wp\/v2\/comments?post=190"}],"version-history":[{"count":0,"href":"https:\/\/catedrakrystaline.umh.es\/ca\/wp-json\/wp\/v2\/pages\/190\/revisions"}],"up":[{"embeddable":true,"href":"https:\/\/catedrakrystaline.umh.es\/ca\/wp-json\/wp\/v2\/pages\/156"}],"wp:attachment":[{"href":"https:\/\/catedrakrystaline.umh.es\/ca\/wp-json\/wp\/v2\/media?parent=190"}],"curies":[{"name":"wp","href":"https:\/\/api.w.org\/{rel}","templated":true}]}}