{"id":159,"date":"2022-07-08T08:38:48","date_gmt":"2022-07-08T06:38:48","guid":{"rendered":"https:\/\/catedrakrystaline.umh.es\/?page_id=159"},"modified":"2022-07-08T11:23:04","modified_gmt":"2022-07-08T09:23:04","slug":"entrevista-al-dr-d-felix-gonzalez-yague","status":"publish","type":"page","link":"https:\/\/catedrakrystaline.umh.es\/ca\/revista-de-eficiencia\/entrevista-al-dr-d-felix-gonzalez-yague\/","title":{"rendered":"<span lang=\"es\">(Espa\u00f1ol) Entrevista al Dr. D. F\u00e9lix Gonz\u00e1lez Yag\u00fce (ACCIONA)<\/span>"},"content":{"rendered":"<p class=\"qtranxs-available-languages-message qtranxs-available-languages-message-ca\">Ho sentim, aquesta entrada es troba disponible \u00fanicament en <a href=\"https:\/\/catedrakrystaline.umh.es\/es\/wp-json\/wp\/v2\/pages\/159\" class=\"qtranxs-available-language-link qtranxs-available-language-link-es\" title=\"Espa\u00f1ol\">Espanyol Europeu<\/a>.<\/p>","protected":false},"excerpt":{"rendered":"<p>Ho sentim, aquesta entrada es troba disponible \u00fanicament en Espanyol Europeu.<\/p>\n","protected":false},"author":126,"featured_media":0,"parent":156,"menu_order":0,"comment_status":"closed","ping_status":"closed","template":"","meta":{"_links_to":"","_links_to_target":""},"_links":{"self":[{"href":"https:\/\/catedrakrystaline.umh.es\/ca\/wp-json\/wp\/v2\/pages\/159"}],"collection":[{"href":"https:\/\/catedrakrystaline.umh.es\/ca\/wp-json\/wp\/v2\/pages"}],"about":[{"href":"https:\/\/catedrakrystaline.umh.es\/ca\/wp-json\/wp\/v2\/types\/page"}],"author":[{"embeddable":true,"href":"https:\/\/catedrakrystaline.umh.es\/ca\/wp-json\/wp\/v2\/users\/126"}],"replies":[{"embeddable":true,"href":"https:\/\/catedrakrystaline.umh.es\/ca\/wp-json\/wp\/v2\/comments?post=159"}],"version-history":[{"count":0,"href":"https:\/\/catedrakrystaline.umh.es\/ca\/wp-json\/wp\/v2\/pages\/159\/revisions"}],"up":[{"embeddable":true,"href":"https:\/\/catedrakrystaline.umh.es\/ca\/wp-json\/wp\/v2\/pages\/156"}],"wp:attachment":[{"href":"https:\/\/catedrakrystaline.umh.es\/ca\/wp-json\/wp\/v2\/media?parent=159"}],"curies":[{"name":"wp","href":"https:\/\/api.w.org\/{rel}","templated":true}]}}